{"id":1614,"date":"2024-09-06T08:35:19","date_gmt":"2024-09-06T06:35:19","guid":{"rendered":"https:\/\/medicalspakwiatowa.pl\/?page_id=1614"},"modified":"2024-12-17T11:33:31","modified_gmt":"2024-12-17T10:33:31","slug":"o-nas","status":"publish","type":"page","link":"https:\/\/medicalspakwiatowa.pl\/en\/","title":{"rendered":"About"},"content":{"rendered":"","protected":false},"excerpt":{"rendered":"","protected":false},"author":3,"featured_media":1591,"parent":0,"menu_order":0,"comment_status":"closed","ping_status":"closed","template":"","meta":{"_acf_changed":false,"footnotes":""},"class_list":["post-1614","page","type-page","status-publish","has-post-thumbnail","hentry"],"acf":[],"yoast_head":"<!-- This site is optimized with the Yoast SEO plugin v24.0 - https:\/\/yoast.com\/wordpress\/plugins\/seo\/ -->\n<title>O nas - Medical SPA Kwiatowa - Medical SPA Kwiatowa<\/title>\n<meta name=\"description\" content=\"Odkryj wyj\u0105tkowy wypoczynek w Medical SPA Kwiatowa w \u0141\u0119czycy! Nasz obiekt oferuje kompleksowe zabiegi kosmetologiczne oraz medycyny estetycznej, kt\u00f3re pozwol\u0105 Ci zregenerowa\u0107 cia\u0142o i umys\u0142. Skorzystaj z nowoczesnych terapii, odpr\u0119\u017caj\u0105cych masa\u017cy, sauny, jacuzzi oraz basenu, by w pe\u0142ni zadba\u0107 o swoje zdrowie. Nasze SPA to idealne miejsce dla os\u00f3b poszukuj\u0105cych relaksu, ciszy i odpr\u0119\u017cenia. Zarezerwuj sw\u00f3j pobyt i poczuj, jak od\u017cywa Twoje cia\u0142o w harmonii z natur\u0105. Zapraszamy do Medical SPA Kwiatowa w \u0141\u0119czycy \u2013 Twojego miejsca na regeneracj\u0119!\" \/>\n<meta name=\"robots\" content=\"index, follow, max-snippet:-1, max-image-preview:large, max-video-preview:-1\" \/>\n<link rel=\"canonical\" href=\"https:\/\/medicalspakwiatowa.pl\/en\/\" \/>\n<meta property=\"og:locale\" content=\"en_GB\" \/>\n<meta property=\"og:type\" content=\"article\" \/>\n<meta property=\"og:title\" content=\"O nas - Medical SPA Kwiatowa - Medical SPA Kwiatowa\" \/>\n<meta property=\"og:description\" content=\"Odkryj wyj\u0105tkowy wypoczynek w Medical SPA Kwiatowa w \u0141\u0119czycy! Nasz obiekt oferuje kompleksowe zabiegi kosmetologiczne oraz medycyny estetycznej, kt\u00f3re pozwol\u0105 Ci zregenerowa\u0107 cia\u0142o i umys\u0142. Skorzystaj z nowoczesnych terapii, odpr\u0119\u017caj\u0105cych masa\u017cy, sauny, jacuzzi oraz basenu, by w pe\u0142ni zadba\u0107 o swoje zdrowie. Nasze SPA to idealne miejsce dla os\u00f3b poszukuj\u0105cych relaksu, ciszy i odpr\u0119\u017cenia. Zarezerwuj sw\u00f3j pobyt i poczuj, jak od\u017cywa Twoje cia\u0142o w harmonii z natur\u0105. Zapraszamy do Medical SPA Kwiatowa w \u0141\u0119czycy \u2013 Twojego miejsca na regeneracj\u0119!\" \/>\n<meta property=\"og:url\" content=\"https:\/\/medicalspakwiatowa.pl\/en\/\" \/>\n<meta property=\"og:site_name\" content=\"Medical SPA Kwiatowa\" \/>\n<meta property=\"article:publisher\" content=\"https:\/\/www.facebook.com\/riverseaapartamenty\" \/>\n<meta property=\"article:modified_time\" content=\"2024-12-17T10:33:31+00:00\" \/>\n<meta property=\"og:image\" content=\"https:\/\/medicalspakwiatowa.pl\/wp-content\/uploads\/2024\/08\/155_MARCIN-STASIAK-PHOTODESIGN-scaled.jpg\" \/>\n\t<meta property=\"og:image:width\" content=\"2560\" \/>\n\t<meta property=\"og:image:height\" content=\"1707\" \/>\n\t<meta property=\"og:image:type\" content=\"image\/jpeg\" \/>\n<meta name=\"twitter:card\" content=\"summary_large_image\" \/>\n<meta name=\"twitter:title\" content=\"River Sea Apartamenty\" \/>\n<meta name=\"twitter:description\" content=\"Riversea apartamenty to nowoczesne apartamenty o wysokim standardzie i wyj\u0105tkowym klimacie. Tworzone s\u0105 z dusz\u0105 i pasj\u0105 tak, aby ka\u017cdy Go\u015b\u0107 czu\u0142 si\u0119 wyj\u0105tkowo. W naszych dw\u00f3ch miejscowo\u015bciach pomorza zachodniego , w jakich znajduj\u0105 si\u0119 apartamenty, ka\u017cdy znajdzie co\u015b dla siebie. Oferujemy nocleg w znakomitej lokalizacji sk\u0105d jest bardzo blisko do szerokich pla\u017c, wody, teren\u00f3w zielonych czy centrum.\" \/>\n<meta name=\"twitter:label1\" content=\"Estimated reading time\" \/>\n\t<meta name=\"twitter:data1\" content=\"3 minutes\" \/>\n<script type=\"application\/ld+json\" class=\"yoast-schema-graph\">{\"@context\":\"https:\/\/schema.org\",\"@graph\":[{\"@type\":\"WebPage\",\"@id\":\"https:\/\/medicalspakwiatowa.pl\/\",\"url\":\"https:\/\/medicalspakwiatowa.pl\/\",\"name\":\"O nas - Medical SPA Kwiatowa - Medical SPA Kwiatowa\",\"isPartOf\":{\"@id\":\"https:\/\/medicalspakwiatowa.pl\/#website\"},\"primaryImageOfPage\":{\"@id\":\"https:\/\/medicalspakwiatowa.pl\/#primaryimage\"},\"image\":{\"@id\":\"https:\/\/medicalspakwiatowa.pl\/#primaryimage\"},\"thumbnailUrl\":\"https:\/\/medicalspakwiatowa.pl\/wp-content\/uploads\/2024\/08\/155_MARCIN-STASIAK-PHOTODESIGN-scaled.jpg\",\"datePublished\":\"2024-09-06T06:35:19+00:00\",\"dateModified\":\"2024-12-17T10:33:31+00:00\",\"description\":\"Odkryj wyj\u0105tkowy wypoczynek w Medical SPA Kwiatowa w \u0141\u0119czycy! Nasz obiekt oferuje kompleksowe zabiegi kosmetologiczne oraz medycyny estetycznej, kt\u00f3re pozwol\u0105 Ci zregenerowa\u0107 cia\u0142o i umys\u0142. Skorzystaj z nowoczesnych terapii, odpr\u0119\u017caj\u0105cych masa\u017cy, sauny, jacuzzi oraz basenu, by w pe\u0142ni zadba\u0107 o swoje zdrowie. Nasze SPA to idealne miejsce dla os\u00f3b poszukuj\u0105cych relaksu, ciszy i odpr\u0119\u017cenia. Zarezerwuj sw\u00f3j pobyt i poczuj, jak od\u017cywa Twoje cia\u0142o w harmonii z natur\u0105. Zapraszamy do Medical SPA Kwiatowa w \u0141\u0119czycy \u2013 Twojego miejsca na regeneracj\u0119!\",\"breadcrumb\":{\"@id\":\"https:\/\/medicalspakwiatowa.pl\/#breadcrumb\"},\"inLanguage\":\"en-GB\",\"potentialAction\":[{\"@type\":\"ReadAction\",\"target\":[\"https:\/\/medicalspakwiatowa.pl\/\"]}]},{\"@type\":\"ImageObject\",\"inLanguage\":\"en-GB\",\"@id\":\"https:\/\/medicalspakwiatowa.pl\/#primaryimage\",\"url\":\"https:\/\/medicalspakwiatowa.pl\/wp-content\/uploads\/2024\/08\/155_MARCIN-STASIAK-PHOTODESIGN-scaled.jpg\",\"contentUrl\":\"https:\/\/medicalspakwiatowa.pl\/wp-content\/uploads\/2024\/08\/155_MARCIN-STASIAK-PHOTODESIGN-scaled.jpg\",\"width\":2560,\"height\":1707},{\"@type\":\"BreadcrumbList\",\"@id\":\"https:\/\/medicalspakwiatowa.pl\/#breadcrumb\",\"itemListElement\":[{\"@type\":\"ListItem\",\"position\":1,\"name\":\"Strona g\u0142\u00f3wna\",\"item\":\"https:\/\/medicalspakwiatowa.pl\/\"},{\"@type\":\"ListItem\",\"position\":2,\"name\":\"O nas\"}]},{\"@type\":\"WebSite\",\"@id\":\"https:\/\/medicalspakwiatowa.pl\/#website\",\"url\":\"https:\/\/medicalspakwiatowa.pl\/\",\"name\":\"Medical SPA Kwiatowa\",\"description\":\"Medical SPA Kwiatowa\",\"publisher\":{\"@id\":\"https:\/\/medicalspakwiatowa.pl\/#organization\"},\"potentialAction\":[{\"@type\":\"SearchAction\",\"target\":{\"@type\":\"EntryPoint\",\"urlTemplate\":\"https:\/\/medicalspakwiatowa.pl\/?s={search_term_string}\"},\"query-input\":{\"@type\":\"PropertyValueSpecification\",\"valueRequired\":true,\"valueName\":\"search_term_string\"}}],\"inLanguage\":\"en-GB\"},{\"@type\":\"Organization\",\"@id\":\"https:\/\/medicalspakwiatowa.pl\/#organization\",\"name\":\"Medical SPA Kwiatowa\",\"url\":\"https:\/\/medicalspakwiatowa.pl\/\",\"logo\":{\"@type\":\"ImageObject\",\"inLanguage\":\"en-GB\",\"@id\":\"https:\/\/medicalspakwiatowa.pl\/#\/schema\/logo\/image\/\",\"url\":\"\",\"contentUrl\":\"\",\"caption\":\"Medical SPA Kwiatowa\"},\"image\":{\"@id\":\"https:\/\/medicalspakwiatowa.pl\/#\/schema\/logo\/image\/\"},\"sameAs\":[\"https:\/\/www.facebook.com\/riverseaapartamenty\"]}]}<\/script>\n<!-- \/ Yoast SEO plugin. -->","yoast_head_json":{"title":"O nas - Medical SPA Kwiatowa - Medical SPA Kwiatowa","description":"Odkryj wyj\u0105tkowy wypoczynek w Medical SPA Kwiatowa w \u0141\u0119czycy! Nasz obiekt oferuje kompleksowe zabiegi kosmetologiczne oraz medycyny estetycznej, kt\u00f3re pozwol\u0105 Ci zregenerowa\u0107 cia\u0142o i umys\u0142. Skorzystaj z nowoczesnych terapii, odpr\u0119\u017caj\u0105cych masa\u017cy, sauny, jacuzzi oraz basenu, by w pe\u0142ni zadba\u0107 o swoje zdrowie. Nasze SPA to idealne miejsce dla os\u00f3b poszukuj\u0105cych relaksu, ciszy i odpr\u0119\u017cenia. Zarezerwuj sw\u00f3j pobyt i poczuj, jak od\u017cywa Twoje cia\u0142o w harmonii z natur\u0105. Zapraszamy do Medical SPA Kwiatowa w \u0141\u0119czycy \u2013 Twojego miejsca na regeneracj\u0119!","robots":{"index":"index","follow":"follow","max-snippet":"max-snippet:-1","max-image-preview":"max-image-preview:large","max-video-preview":"max-video-preview:-1"},"canonical":"https:\/\/medicalspakwiatowa.pl\/en\/","og_locale":"en_GB","og_type":"article","og_title":"O nas - Medical SPA Kwiatowa - Medical SPA Kwiatowa","og_description":"Odkryj wyj\u0105tkowy wypoczynek w Medical SPA Kwiatowa w \u0141\u0119czycy! Nasz obiekt oferuje kompleksowe zabiegi kosmetologiczne oraz medycyny estetycznej, kt\u00f3re pozwol\u0105 Ci zregenerowa\u0107 cia\u0142o i umys\u0142. Skorzystaj z nowoczesnych terapii, odpr\u0119\u017caj\u0105cych masa\u017cy, sauny, jacuzzi oraz basenu, by w pe\u0142ni zadba\u0107 o swoje zdrowie. Nasze SPA to idealne miejsce dla os\u00f3b poszukuj\u0105cych relaksu, ciszy i odpr\u0119\u017cenia. Zarezerwuj sw\u00f3j pobyt i poczuj, jak od\u017cywa Twoje cia\u0142o w harmonii z natur\u0105. Zapraszamy do Medical SPA Kwiatowa w \u0141\u0119czycy \u2013 Twojego miejsca na regeneracj\u0119!","og_url":"https:\/\/medicalspakwiatowa.pl\/en\/","og_site_name":"Medical SPA Kwiatowa","article_publisher":"https:\/\/www.facebook.com\/riverseaapartamenty","article_modified_time":"2024-12-17T10:33:31+00:00","og_image":[{"width":2560,"height":1707,"url":"https:\/\/medicalspakwiatowa.pl\/wp-content\/uploads\/2024\/08\/155_MARCIN-STASIAK-PHOTODESIGN-scaled.jpg","type":"image\/jpeg"}],"twitter_card":"summary_large_image","twitter_title":"River Sea Apartamenty","twitter_description":"Riversea apartamenty to nowoczesne apartamenty o wysokim standardzie i wyj\u0105tkowym klimacie. Tworzone s\u0105 z dusz\u0105 i pasj\u0105 tak, aby ka\u017cdy Go\u015b\u0107 czu\u0142 si\u0119 wyj\u0105tkowo. W naszych dw\u00f3ch miejscowo\u015bciach pomorza zachodniego , w jakich znajduj\u0105 si\u0119 apartamenty, ka\u017cdy znajdzie co\u015b dla siebie. Oferujemy nocleg w znakomitej lokalizacji sk\u0105d jest bardzo blisko do szerokich pla\u017c, wody, teren\u00f3w zielonych czy centrum.","twitter_misc":{"Estimated reading time":"3 minutes"},"schema":{"@context":"https:\/\/schema.org","@graph":[{"@type":"WebPage","@id":"https:\/\/medicalspakwiatowa.pl\/","url":"https:\/\/medicalspakwiatowa.pl\/","name":"O nas - Medical SPA Kwiatowa - Medical SPA Kwiatowa","isPartOf":{"@id":"https:\/\/medicalspakwiatowa.pl\/#website"},"primaryImageOfPage":{"@id":"https:\/\/medicalspakwiatowa.pl\/#primaryimage"},"image":{"@id":"https:\/\/medicalspakwiatowa.pl\/#primaryimage"},"thumbnailUrl":"https:\/\/medicalspakwiatowa.pl\/wp-content\/uploads\/2024\/08\/155_MARCIN-STASIAK-PHOTODESIGN-scaled.jpg","datePublished":"2024-09-06T06:35:19+00:00","dateModified":"2024-12-17T10:33:31+00:00","description":"Odkryj wyj\u0105tkowy wypoczynek w Medical SPA Kwiatowa w \u0141\u0119czycy! Nasz obiekt oferuje kompleksowe zabiegi kosmetologiczne oraz medycyny estetycznej, kt\u00f3re pozwol\u0105 Ci zregenerowa\u0107 cia\u0142o i umys\u0142. Skorzystaj z nowoczesnych terapii, odpr\u0119\u017caj\u0105cych masa\u017cy, sauny, jacuzzi oraz basenu, by w pe\u0142ni zadba\u0107 o swoje zdrowie. Nasze SPA to idealne miejsce dla os\u00f3b poszukuj\u0105cych relaksu, ciszy i odpr\u0119\u017cenia. Zarezerwuj sw\u00f3j pobyt i poczuj, jak od\u017cywa Twoje cia\u0142o w harmonii z natur\u0105. Zapraszamy do Medical SPA Kwiatowa w \u0141\u0119czycy \u2013 Twojego miejsca na regeneracj\u0119!","breadcrumb":{"@id":"https:\/\/medicalspakwiatowa.pl\/#breadcrumb"},"inLanguage":"en-GB","potentialAction":[{"@type":"ReadAction","target":["https:\/\/medicalspakwiatowa.pl\/"]}]},{"@type":"ImageObject","inLanguage":"en-GB","@id":"https:\/\/medicalspakwiatowa.pl\/#primaryimage","url":"https:\/\/medicalspakwiatowa.pl\/wp-content\/uploads\/2024\/08\/155_MARCIN-STASIAK-PHOTODESIGN-scaled.jpg","contentUrl":"https:\/\/medicalspakwiatowa.pl\/wp-content\/uploads\/2024\/08\/155_MARCIN-STASIAK-PHOTODESIGN-scaled.jpg","width":2560,"height":1707},{"@type":"BreadcrumbList","@id":"https:\/\/medicalspakwiatowa.pl\/#breadcrumb","itemListElement":[{"@type":"ListItem","position":1,"name":"Strona g\u0142\u00f3wna","item":"https:\/\/medicalspakwiatowa.pl\/"},{"@type":"ListItem","position":2,"name":"O nas"}]},{"@type":"WebSite","@id":"https:\/\/medicalspakwiatowa.pl\/#website","url":"https:\/\/medicalspakwiatowa.pl\/","name":"Medical SPA Kwiatowa","description":"Medical SPA Kwiatowa","publisher":{"@id":"https:\/\/medicalspakwiatowa.pl\/#organization"},"potentialAction":[{"@type":"SearchAction","target":{"@type":"EntryPoint","urlTemplate":"https:\/\/medicalspakwiatowa.pl\/?s={search_term_string}"},"query-input":{"@type":"PropertyValueSpecification","valueRequired":true,"valueName":"search_term_string"}}],"inLanguage":"en-GB"},{"@type":"Organization","@id":"https:\/\/medicalspakwiatowa.pl\/#organization","name":"Medical SPA Kwiatowa","url":"https:\/\/medicalspakwiatowa.pl\/","logo":{"@type":"ImageObject","inLanguage":"en-GB","@id":"https:\/\/medicalspakwiatowa.pl\/#\/schema\/logo\/image\/","url":"","contentUrl":"","caption":"Medical SPA Kwiatowa"},"image":{"@id":"https:\/\/medicalspakwiatowa.pl\/#\/schema\/logo\/image\/"},"sameAs":["https:\/\/www.facebook.com\/riverseaapartamenty"]}]}},"_links":{"self":[{"href":"https:\/\/medicalspakwiatowa.pl\/en\/wp-json\/wp\/v2\/pages\/1614","targetHints":{"allow":["GET"]}}],"collection":[{"href":"https:\/\/medicalspakwiatowa.pl\/en\/wp-json\/wp\/v2\/pages"}],"about":[{"href":"https:\/\/medicalspakwiatowa.pl\/en\/wp-json\/wp\/v2\/types\/page"}],"author":[{"embeddable":true,"href":"https:\/\/medicalspakwiatowa.pl\/en\/wp-json\/wp\/v2\/users\/3"}],"replies":[{"embeddable":true,"href":"https:\/\/medicalspakwiatowa.pl\/en\/wp-json\/wp\/v2\/comments?post=1614"}],"version-history":[{"count":6,"href":"https:\/\/medicalspakwiatowa.pl\/en\/wp-json\/wp\/v2\/pages\/1614\/revisions"}],"predecessor-version":[{"id":1639,"href":"https:\/\/medicalspakwiatowa.pl\/en\/wp-json\/wp\/v2\/pages\/1614\/revisions\/1639"}],"wp:featuredmedia":[{"embeddable":true,"href":"https:\/\/medicalspakwiatowa.pl\/en\/wp-json\/wp\/v2\/media\/1591"}],"wp:attachment":[{"href":"https:\/\/medicalspakwiatowa.pl\/en\/wp-json\/wp\/v2\/media?parent=1614"}],"curies":[{"name":"wp","href":"https:\/\/api.w.org\/{rel}","templated":true}]}}