{"id":20,"date":"2021-12-20T08:27:45","date_gmt":"2021-12-20T07:27:45","guid":{"rendered":"https:\/\/riversea.pl\/?page_id=20"},"modified":"2024-12-10T13:02:01","modified_gmt":"2024-12-10T12:02:01","slug":"kontakt","status":"publish","type":"page","link":"https:\/\/medicalspakwiatowa.pl\/en\/kontakt\/","title":{"rendered":"Contact"},"content":{"rendered":"","protected":false},"excerpt":{"rendered":"","protected":false},"author":3,"featured_media":1440,"parent":0,"menu_order":0,"comment_status":"closed","ping_status":"closed","template":"","meta":{"_acf_changed":false,"footnotes":""},"class_list":["post-20","page","type-page","status-publish","has-post-thumbnail","hentry"],"acf":[],"yoast_head":"<!-- This site is optimized with the Yoast SEO plugin v24.0 - https:\/\/yoast.com\/wordpress\/plugins\/seo\/ -->\n<title>Kontakt z Medical Spa Kwiatowa w \u0141\u0119czycy<\/title>\n<meta name=\"description\" content=\"Odkryj wyj\u0105tkowy wypoczynek w Medical SPA Kwiatowa w \u0141\u0119czycy! Nasz obiekt oferuje kompleksowe zabiegi relaksacyjne i lecznicze, kt\u00f3re pozwol\u0105 Ci zregenerowa\u0107 cia\u0142o i umys\u0142. Skorzystaj z nowoczesnych terapii, odpr\u0119\u017caj\u0105cych masa\u017cy, sauny, jacuzzi oraz basenu, by w pe\u0142ni zadba\u0107 o swoje zdrowie. Nasze SPA to idealne miejsce dla os\u00f3b poszukuj\u0105cych luksusowego relaksu oraz profesjonalnej opieki . Zarezerwuj sw\u00f3j pobyt i poczuj, jak od\u017cywa Twoje cia\u0142o w harmonii z natur\u0105. Zapraszamy do Medical SPA Kwiatowa w \u0141\u0119czycy \u2013 Twojego miejsca na regeneracj\u0119!\" \/>\n<meta name=\"robots\" content=\"index, follow, max-snippet:-1, max-image-preview:large, max-video-preview:-1\" \/>\n<link rel=\"canonical\" href=\"https:\/\/medicalspakwiatowa.pl\/en\/kontakt\/\" \/>\n<meta property=\"og:locale\" content=\"en_GB\" \/>\n<meta property=\"og:type\" content=\"article\" \/>\n<meta property=\"og:title\" content=\"Kontakt z Medical Spa Kwiatowa w \u0141\u0119czycy\" \/>\n<meta property=\"og:description\" content=\"Odkryj wyj\u0105tkowy wypoczynek w Medical SPA Kwiatowa w \u0141\u0119czycy! Nasz obiekt oferuje kompleksowe zabiegi relaksacyjne i lecznicze, kt\u00f3re pozwol\u0105 Ci zregenerowa\u0107 cia\u0142o i umys\u0142. Skorzystaj z nowoczesnych terapii, odpr\u0119\u017caj\u0105cych masa\u017cy, sauny, jacuzzi oraz basenu, by w pe\u0142ni zadba\u0107 o swoje zdrowie. Nasze SPA to idealne miejsce dla os\u00f3b poszukuj\u0105cych luksusowego relaksu oraz profesjonalnej opieki . Zarezerwuj sw\u00f3j pobyt i poczuj, jak od\u017cywa Twoje cia\u0142o w harmonii z natur\u0105. Zapraszamy do Medical SPA Kwiatowa w \u0141\u0119czycy \u2013 Twojego miejsca na regeneracj\u0119!\" \/>\n<meta property=\"og:url\" content=\"https:\/\/medicalspakwiatowa.pl\/en\/kontakt\/\" \/>\n<meta property=\"og:site_name\" content=\"Medical SPA Kwiatowa\" \/>\n<meta property=\"article:publisher\" content=\"https:\/\/www.facebook.com\/riverseaapartamenty\" \/>\n<meta property=\"article:modified_time\" content=\"2024-12-10T12:02:01+00:00\" \/>\n<meta property=\"og:image\" content=\"https:\/\/medicalspakwiatowa.pl\/wp-content\/uploads\/2024\/06\/SPA_59-Sredni.jpg\" \/>\n\t<meta property=\"og:image:width\" content=\"1154\" \/>\n\t<meta property=\"og:image:height\" content=\"768\" \/>\n\t<meta property=\"og:image:type\" content=\"image\/jpeg\" \/>\n<meta name=\"twitter:card\" content=\"summary_large_image\" \/>\n<meta name=\"twitter:label1\" content=\"Estimated reading time\" \/>\n\t<meta name=\"twitter:data1\" content=\"1 minute\" \/>\n<script type=\"application\/ld+json\" class=\"yoast-schema-graph\">{\"@context\":\"https:\/\/schema.org\",\"@graph\":[{\"@type\":\"WebPage\",\"@id\":\"https:\/\/medicalspakwiatowa.pl\/kontakt\/\",\"url\":\"https:\/\/medicalspakwiatowa.pl\/kontakt\/\",\"name\":\"Kontakt z Medical Spa Kwiatowa w \u0141\u0119czycy\",\"isPartOf\":{\"@id\":\"https:\/\/medicalspakwiatowa.pl\/#website\"},\"primaryImageOfPage\":{\"@id\":\"https:\/\/medicalspakwiatowa.pl\/kontakt\/#primaryimage\"},\"image\":{\"@id\":\"https:\/\/medicalspakwiatowa.pl\/kontakt\/#primaryimage\"},\"thumbnailUrl\":\"https:\/\/medicalspakwiatowa.pl\/wp-content\/uploads\/2024\/06\/SPA_59-Sredni.jpg\",\"datePublished\":\"2021-12-20T07:27:45+00:00\",\"dateModified\":\"2024-12-10T12:02:01+00:00\",\"description\":\"Odkryj wyj\u0105tkowy wypoczynek w Medical SPA Kwiatowa w \u0141\u0119czycy! Nasz obiekt oferuje kompleksowe zabiegi relaksacyjne i lecznicze, kt\u00f3re pozwol\u0105 Ci zregenerowa\u0107 cia\u0142o i umys\u0142. Skorzystaj z nowoczesnych terapii, odpr\u0119\u017caj\u0105cych masa\u017cy, sauny, jacuzzi oraz basenu, by w pe\u0142ni zadba\u0107 o swoje zdrowie. Nasze SPA to idealne miejsce dla os\u00f3b poszukuj\u0105cych luksusowego relaksu oraz profesjonalnej opieki . Zarezerwuj sw\u00f3j pobyt i poczuj, jak od\u017cywa Twoje cia\u0142o w harmonii z natur\u0105. Zapraszamy do Medical SPA Kwiatowa w \u0141\u0119czycy \u2013 Twojego miejsca na regeneracj\u0119!\",\"breadcrumb\":{\"@id\":\"https:\/\/medicalspakwiatowa.pl\/kontakt\/#breadcrumb\"},\"inLanguage\":\"en-GB\",\"potentialAction\":[{\"@type\":\"ReadAction\",\"target\":[\"https:\/\/medicalspakwiatowa.pl\/kontakt\/\"]}]},{\"@type\":\"ImageObject\",\"inLanguage\":\"en-GB\",\"@id\":\"https:\/\/medicalspakwiatowa.pl\/kontakt\/#primaryimage\",\"url\":\"https:\/\/medicalspakwiatowa.pl\/wp-content\/uploads\/2024\/06\/SPA_59-Sredni.jpg\",\"contentUrl\":\"https:\/\/medicalspakwiatowa.pl\/wp-content\/uploads\/2024\/06\/SPA_59-Sredni.jpg\",\"width\":1154,\"height\":768},{\"@type\":\"BreadcrumbList\",\"@id\":\"https:\/\/medicalspakwiatowa.pl\/kontakt\/#breadcrumb\",\"itemListElement\":[{\"@type\":\"ListItem\",\"position\":1,\"name\":\"Strona g\u0142\u00f3wna\",\"item\":\"https:\/\/medicalspakwiatowa.pl\/\"},{\"@type\":\"ListItem\",\"position\":2,\"name\":\"Kontakt\"}]},{\"@type\":\"WebSite\",\"@id\":\"https:\/\/medicalspakwiatowa.pl\/#website\",\"url\":\"https:\/\/medicalspakwiatowa.pl\/\",\"name\":\"Medical SPA Kwiatowa\",\"description\":\"Medical SPA Kwiatowa\",\"publisher\":{\"@id\":\"https:\/\/medicalspakwiatowa.pl\/#organization\"},\"potentialAction\":[{\"@type\":\"SearchAction\",\"target\":{\"@type\":\"EntryPoint\",\"urlTemplate\":\"https:\/\/medicalspakwiatowa.pl\/?s={search_term_string}\"},\"query-input\":{\"@type\":\"PropertyValueSpecification\",\"valueRequired\":true,\"valueName\":\"search_term_string\"}}],\"inLanguage\":\"en-GB\"},{\"@type\":\"Organization\",\"@id\":\"https:\/\/medicalspakwiatowa.pl\/#organization\",\"name\":\"Medical SPA Kwiatowa\",\"url\":\"https:\/\/medicalspakwiatowa.pl\/\",\"logo\":{\"@type\":\"ImageObject\",\"inLanguage\":\"en-GB\",\"@id\":\"https:\/\/medicalspakwiatowa.pl\/#\/schema\/logo\/image\/\",\"url\":\"\",\"contentUrl\":\"\",\"caption\":\"Medical SPA Kwiatowa\"},\"image\":{\"@id\":\"https:\/\/medicalspakwiatowa.pl\/#\/schema\/logo\/image\/\"},\"sameAs\":[\"https:\/\/www.facebook.com\/riverseaapartamenty\"]}]}<\/script>\n<!-- \/ Yoast SEO plugin. -->","yoast_head_json":{"title":"Kontakt z Medical Spa Kwiatowa w \u0141\u0119czycy","description":"Odkryj wyj\u0105tkowy wypoczynek w Medical SPA Kwiatowa w \u0141\u0119czycy! Nasz obiekt oferuje kompleksowe zabiegi relaksacyjne i lecznicze, kt\u00f3re pozwol\u0105 Ci zregenerowa\u0107 cia\u0142o i umys\u0142. Skorzystaj z nowoczesnych terapii, odpr\u0119\u017caj\u0105cych masa\u017cy, sauny, jacuzzi oraz basenu, by w pe\u0142ni zadba\u0107 o swoje zdrowie. Nasze SPA to idealne miejsce dla os\u00f3b poszukuj\u0105cych luksusowego relaksu oraz profesjonalnej opieki . Zarezerwuj sw\u00f3j pobyt i poczuj, jak od\u017cywa Twoje cia\u0142o w harmonii z natur\u0105. Zapraszamy do Medical SPA Kwiatowa w \u0141\u0119czycy \u2013 Twojego miejsca na regeneracj\u0119!","robots":{"index":"index","follow":"follow","max-snippet":"max-snippet:-1","max-image-preview":"max-image-preview:large","max-video-preview":"max-video-preview:-1"},"canonical":"https:\/\/medicalspakwiatowa.pl\/en\/kontakt\/","og_locale":"en_GB","og_type":"article","og_title":"Kontakt z Medical Spa Kwiatowa w \u0141\u0119czycy","og_description":"Odkryj wyj\u0105tkowy wypoczynek w Medical SPA Kwiatowa w \u0141\u0119czycy! Nasz obiekt oferuje kompleksowe zabiegi relaksacyjne i lecznicze, kt\u00f3re pozwol\u0105 Ci zregenerowa\u0107 cia\u0142o i umys\u0142. Skorzystaj z nowoczesnych terapii, odpr\u0119\u017caj\u0105cych masa\u017cy, sauny, jacuzzi oraz basenu, by w pe\u0142ni zadba\u0107 o swoje zdrowie. Nasze SPA to idealne miejsce dla os\u00f3b poszukuj\u0105cych luksusowego relaksu oraz profesjonalnej opieki . Zarezerwuj sw\u00f3j pobyt i poczuj, jak od\u017cywa Twoje cia\u0142o w harmonii z natur\u0105. Zapraszamy do Medical SPA Kwiatowa w \u0141\u0119czycy \u2013 Twojego miejsca na regeneracj\u0119!","og_url":"https:\/\/medicalspakwiatowa.pl\/en\/kontakt\/","og_site_name":"Medical SPA Kwiatowa","article_publisher":"https:\/\/www.facebook.com\/riverseaapartamenty","article_modified_time":"2024-12-10T12:02:01+00:00","og_image":[{"width":1154,"height":768,"url":"https:\/\/medicalspakwiatowa.pl\/wp-content\/uploads\/2024\/06\/SPA_59-Sredni.jpg","type":"image\/jpeg"}],"twitter_card":"summary_large_image","twitter_misc":{"Estimated reading time":"1 minute"},"schema":{"@context":"https:\/\/schema.org","@graph":[{"@type":"WebPage","@id":"https:\/\/medicalspakwiatowa.pl\/kontakt\/","url":"https:\/\/medicalspakwiatowa.pl\/kontakt\/","name":"Kontakt z Medical Spa Kwiatowa w \u0141\u0119czycy","isPartOf":{"@id":"https:\/\/medicalspakwiatowa.pl\/#website"},"primaryImageOfPage":{"@id":"https:\/\/medicalspakwiatowa.pl\/kontakt\/#primaryimage"},"image":{"@id":"https:\/\/medicalspakwiatowa.pl\/kontakt\/#primaryimage"},"thumbnailUrl":"https:\/\/medicalspakwiatowa.pl\/wp-content\/uploads\/2024\/06\/SPA_59-Sredni.jpg","datePublished":"2021-12-20T07:27:45+00:00","dateModified":"2024-12-10T12:02:01+00:00","description":"Odkryj wyj\u0105tkowy wypoczynek w Medical SPA Kwiatowa w \u0141\u0119czycy! Nasz obiekt oferuje kompleksowe zabiegi relaksacyjne i lecznicze, kt\u00f3re pozwol\u0105 Ci zregenerowa\u0107 cia\u0142o i umys\u0142. Skorzystaj z nowoczesnych terapii, odpr\u0119\u017caj\u0105cych masa\u017cy, sauny, jacuzzi oraz basenu, by w pe\u0142ni zadba\u0107 o swoje zdrowie. Nasze SPA to idealne miejsce dla os\u00f3b poszukuj\u0105cych luksusowego relaksu oraz profesjonalnej opieki . Zarezerwuj sw\u00f3j pobyt i poczuj, jak od\u017cywa Twoje cia\u0142o w harmonii z natur\u0105. Zapraszamy do Medical SPA Kwiatowa w \u0141\u0119czycy \u2013 Twojego miejsca na regeneracj\u0119!","breadcrumb":{"@id":"https:\/\/medicalspakwiatowa.pl\/kontakt\/#breadcrumb"},"inLanguage":"en-GB","potentialAction":[{"@type":"ReadAction","target":["https:\/\/medicalspakwiatowa.pl\/kontakt\/"]}]},{"@type":"ImageObject","inLanguage":"en-GB","@id":"https:\/\/medicalspakwiatowa.pl\/kontakt\/#primaryimage","url":"https:\/\/medicalspakwiatowa.pl\/wp-content\/uploads\/2024\/06\/SPA_59-Sredni.jpg","contentUrl":"https:\/\/medicalspakwiatowa.pl\/wp-content\/uploads\/2024\/06\/SPA_59-Sredni.jpg","width":1154,"height":768},{"@type":"BreadcrumbList","@id":"https:\/\/medicalspakwiatowa.pl\/kontakt\/#breadcrumb","itemListElement":[{"@type":"ListItem","position":1,"name":"Strona g\u0142\u00f3wna","item":"https:\/\/medicalspakwiatowa.pl\/"},{"@type":"ListItem","position":2,"name":"Kontakt"}]},{"@type":"WebSite","@id":"https:\/\/medicalspakwiatowa.pl\/#website","url":"https:\/\/medicalspakwiatowa.pl\/","name":"Medical SPA Kwiatowa","description":"Medical SPA Kwiatowa","publisher":{"@id":"https:\/\/medicalspakwiatowa.pl\/#organization"},"potentialAction":[{"@type":"SearchAction","target":{"@type":"EntryPoint","urlTemplate":"https:\/\/medicalspakwiatowa.pl\/?s={search_term_string}"},"query-input":{"@type":"PropertyValueSpecification","valueRequired":true,"valueName":"search_term_string"}}],"inLanguage":"en-GB"},{"@type":"Organization","@id":"https:\/\/medicalspakwiatowa.pl\/#organization","name":"Medical SPA Kwiatowa","url":"https:\/\/medicalspakwiatowa.pl\/","logo":{"@type":"ImageObject","inLanguage":"en-GB","@id":"https:\/\/medicalspakwiatowa.pl\/#\/schema\/logo\/image\/","url":"","contentUrl":"","caption":"Medical SPA Kwiatowa"},"image":{"@id":"https:\/\/medicalspakwiatowa.pl\/#\/schema\/logo\/image\/"},"sameAs":["https:\/\/www.facebook.com\/riverseaapartamenty"]}]}},"_links":{"self":[{"href":"https:\/\/medicalspakwiatowa.pl\/en\/wp-json\/wp\/v2\/pages\/20","targetHints":{"allow":["GET"]}}],"collection":[{"href":"https:\/\/medicalspakwiatowa.pl\/en\/wp-json\/wp\/v2\/pages"}],"about":[{"href":"https:\/\/medicalspakwiatowa.pl\/en\/wp-json\/wp\/v2\/types\/page"}],"author":[{"embeddable":true,"href":"https:\/\/medicalspakwiatowa.pl\/en\/wp-json\/wp\/v2\/users\/3"}],"replies":[{"embeddable":true,"href":"https:\/\/medicalspakwiatowa.pl\/en\/wp-json\/wp\/v2\/comments?post=20"}],"version-history":[{"count":2,"href":"https:\/\/medicalspakwiatowa.pl\/en\/wp-json\/wp\/v2\/pages\/20\/revisions"}],"predecessor-version":[{"id":1640,"href":"https:\/\/medicalspakwiatowa.pl\/en\/wp-json\/wp\/v2\/pages\/20\/revisions\/1640"}],"wp:featuredmedia":[{"embeddable":true,"href":"https:\/\/medicalspakwiatowa.pl\/en\/wp-json\/wp\/v2\/media\/1440"}],"wp:attachment":[{"href":"https:\/\/medicalspakwiatowa.pl\/en\/wp-json\/wp\/v2\/media?parent=20"}],"curies":[{"name":"wp","href":"https:\/\/api.w.org\/{rel}","templated":true}]}}